{"id":3606,"date":"2024-04-16T10:45:39","date_gmt":"2024-04-16T08:45:39","guid":{"rendered":"https:\/\/www.papik.cat\/quienes-somos\/"},"modified":"2026-01-28T14:36:20","modified_gmt":"2026-01-28T13:36:20","slug":"quienes-somos","status":"publish","type":"page","link":"https:\/\/www.papik.cat\/es\/quienes-somos\/","title":{"rendered":"Qui\u00e9nes somos"},"content":{"rendered":"\t\t<div data-elementor-type=\"wp-page\" data-elementor-id=\"3606\" class=\"elementor elementor-3606 elementor-24\" data-elementor-post-type=\"page\">\n\t\t\t\t<div class=\"elementor-element elementor-element-7b27bbe3 e-flex e-con-boxed e-con e-parent\" data-id=\"7b27bbe3\" data-element_type=\"container\" data-e-type=\"container\" data-settings=\"{&quot;background_background&quot;:&quot;classic&quot;}\">\n\t\t\t\t\t<div class=\"e-con-inner\">\n\t\t\t\t\t<\/div>\n\t\t\t\t<\/div>\n\t\t<div class=\"elementor-element elementor-element-189ee221 e-flex e-con-boxed e-con e-parent\" data-id=\"189ee221\" data-element_type=\"container\" data-e-type=\"container\" data-settings=\"{&quot;background_background&quot;:&quot;classic&quot;}\">\n\t\t\t\t\t<div class=\"e-con-inner\">\n\t\t<div class=\"elementor-element elementor-element-7f121eb0 e-con-full e-flex e-con e-child\" data-id=\"7f121eb0\" data-element_type=\"container\" data-e-type=\"container\">\n\t\t\t\t<div class=\"elementor-element elementor-element-44279121 elementor-widget elementor-widget-heading\" data-id=\"44279121\" data-element_type=\"widget\" data-e-type=\"widget\" data-widget_type=\"heading.default\">\n\t\t\t\t<div class=\"elementor-widget-container\">\n\t\t\t\t\t<h1 class=\"elementor-heading-title elementor-size-default\"><u>\u00bfQui\u00e9nes somos?<\/u><\/h1>\t\t\t\t<\/div>\n\t\t\t\t<\/div>\n\t\t\t\t<div class=\"elementor-element elementor-element-6bdba0d1 elementor-widget elementor-widget-heading\" data-id=\"6bdba0d1\" data-element_type=\"widget\" data-e-type=\"widget\" data-widget_type=\"heading.default\">\n\t\t\t\t<div class=\"elementor-widget-container\">\n\t\t\t\t\t<h2 class=\"elementor-heading-title elementor-size-default\">PAPIK Group es una empresa de construcci\u00f3n de casas de Alta Eficiencia Energ\u00e9tica, con un sistema constructivo propio de avanzada tecnolog\u00eda.<\/h2>\t\t\t\t<\/div>\n\t\t\t\t<\/div>\n\t\t\t\t<\/div>\n\t\t\t\t\t<\/div>\n\t\t\t\t<\/div>\n\t\t<div class=\"elementor-element elementor-element-4127822 e-flex e-con-boxed e-con e-parent\" data-id=\"4127822\" data-element_type=\"container\" data-e-type=\"container\" data-settings=\"{&quot;background_background&quot;:&quot;classic&quot;}\">\n\t\t\t\t\t<div class=\"e-con-inner\">\n\t\t<div class=\"elementor-element elementor-element-26bda8e e-con-full animated-slow e-flex elementor-invisible e-con e-child\" data-id=\"26bda8e\" data-element_type=\"container\" data-e-type=\"container\" data-settings=\"{&quot;background_background&quot;:&quot;slideshow&quot;,&quot;background_slideshow_gallery&quot;:[{&quot;id&quot;:3510,&quot;url&quot;:&quot;https:\\\/\\\/www.papik.cat\\\/wp-content\\\/uploads\\\/2017\\\/02\\\/f13.jpg&quot;},{&quot;id&quot;:3373,&quot;url&quot;:&quot;https:\\\/\\\/www.papik.cat\\\/wp-content\\\/uploads\\\/2018\\\/10\\\/f01-scaled.jpg&quot;}],&quot;animation&quot;:&quot;fadeInUp&quot;,&quot;background_slideshow_loop&quot;:&quot;yes&quot;,&quot;background_slideshow_slide_duration&quot;:5000,&quot;background_slideshow_slide_transition&quot;:&quot;fade&quot;,&quot;background_slideshow_transition_duration&quot;:500}\">\n\t\t\t\t<div class=\"elementor-element elementor-element-55e29ec elementor-widget elementor-widget-spacer\" data-id=\"55e29ec\" data-element_type=\"widget\" data-e-type=\"widget\" data-widget_type=\"spacer.default\">\n\t\t\t\t<div class=\"elementor-widget-container\">\n\t\t\t\t\t\t\t<div class=\"elementor-spacer\">\n\t\t\t<div class=\"elementor-spacer-inner\"><\/div>\n\t\t<\/div>\n\t\t\t\t\t\t<\/div>\n\t\t\t\t<\/div>\n\t\t\t\t<\/div>\n\t\t<div class=\"elementor-element elementor-element-aba617b e-grid e-con-boxed e-con e-child\" data-id=\"aba617b\" data-element_type=\"container\" data-e-type=\"container\">\n\t\t\t\t\t<div class=\"e-con-inner\">\n\t\t<div class=\"elementor-element elementor-element-0ff21de e-flex e-con-boxed e-con e-child\" data-id=\"0ff21de\" data-element_type=\"container\" data-e-type=\"container\">\n\t\t\t\t\t<div class=\"e-con-inner\">\n\t\t\t\t<div class=\"elementor-element elementor-element-7dde7f9 elementor-widget elementor-widget-text-editor\" data-id=\"7dde7f9\" data-element_type=\"widget\" data-e-type=\"widget\" data-widget_type=\"text-editor.default\">\n\t\t\t\t<div class=\"elementor-widget-container\">\n\t\t\t\t\t\t\t\t\t<p>PAPIK Group es una empresa de construcci\u00f3n fundada en 1994, con sede en Sant Cugat del Vall\u00e8s y un taller de fabricaci\u00f3n propia en Castellbell i el Vilar (Manresa).<\/p><p>Somos un equipo de carpinteros y arquitectos catalanes con gran experiencia en el sector de la construcci\u00f3n y un esp\u00edritu de innovaci\u00f3n constante.<\/p><p>Estamos especializados en la construcci\u00f3n de alta eficiencia energ\u00e9tica. Trabajamos con un sistema constructivo propio, basado en un sistema americano de entramado ligero que hemos mejorado nosotros mismos. Es un sistema r\u00e1pido, muy vers\u00e1til y es aplicable a la construcci\u00f3n de cualquier tipo de casa unifamiliar, loft, ampliaci\u00f3n o remonta.<\/p><p>Nuestras construcciones son de gran resistencia t\u00e9rmica y de alta calidad, est\u00e1n hechas con materiales de avanzada tecnolog\u00eda y tienen una excelente relaci\u00f3n calidad-precio.<\/p>\t\t\t\t\t\t\t\t<\/div>\n\t\t\t\t<\/div>\n\t\t\t\t\t<\/div>\n\t\t\t\t<\/div>\n\t\t<div class=\"elementor-element elementor-element-d01979e e-con-full e-flex e-con e-child\" data-id=\"d01979e\" data-element_type=\"container\" data-e-type=\"container\">\n\t\t\t\t<div class=\"elementor-element elementor-element-02bb04c elementor-widget elementor-widget-image\" data-id=\"02bb04c\" data-element_type=\"widget\" data-e-type=\"widget\" data-widget_type=\"image.default\">\n\t\t\t\t<div class=\"elementor-widget-container\">\n\t\t\t\t\t\t\t\t\t\t\t\t\t\t\t<img decoding=\"async\" src=\"https:\/\/www.papik.cat\/wp-content\/uploads\/2024\/04\/papik-verd.svg\" class=\"attachment-full size-full wp-image-2968\" alt=\"\" \/>\t\t\t\t\t\t\t\t\t\t\t\t\t\t\t<\/div>\n\t\t\t\t<\/div>\n\t\t\t\t<\/div>\n\t\t\t\t\t<\/div>\n\t\t\t\t<\/div>\n\t\t\t\t\t<\/div>\n\t\t\t\t<\/div>\n\t\t<div class=\"elementor-element elementor-element-82e7742 e-grid e-con-boxed e-con e-parent\" data-id=\"82e7742\" data-element_type=\"container\" data-e-type=\"container\">\n\t\t\t\t\t<div class=\"e-con-inner\">\n\t\t<div class=\"elementor-element elementor-element-2d64e82 e-con-full e-flex e-con e-child\" data-id=\"2d64e82\" data-element_type=\"container\" data-e-type=\"container\">\n\t\t\t\t<div class=\"elementor-element elementor-element-9be1346 elementor-widget elementor-widget-heading\" data-id=\"9be1346\" data-element_type=\"widget\" data-e-type=\"widget\" data-widget_type=\"heading.default\">\n\t\t\t\t<div class=\"elementor-widget-container\">\n\t\t\t\t\t<h2 class=\"elementor-heading-title elementor-size-default\">Soluciones personalizadas<\/h2>\t\t\t\t<\/div>\n\t\t\t\t<\/div>\n\t\t\t\t<\/div>\n\t\t<div class=\"elementor-element elementor-element-d3f8e70 e-con-full e-flex e-con e-child\" data-id=\"d3f8e70\" data-element_type=\"container\" data-e-type=\"container\">\n\t\t\t\t<div class=\"elementor-element elementor-element-0c8d516 elementor-widget elementor-widget-text-editor\" data-id=\"0c8d516\" data-element_type=\"widget\" data-e-type=\"widget\" data-widget_type=\"text-editor.default\">\n\t\t\t\t<div class=\"elementor-widget-container\">\n\t\t\t\t\t\t\t\t\t<p>El lema que nos define es: \u201cDe tu mente a nuestras manos\u201d, porque dise\u00f1amos y fabricamos aquello que el cliente desea, personalizando cada elemento.<\/p><p>Construimos proyectos a medida, con personalidad propia y ofreciendo siempre nuestro mejor asesoramiento.<\/p>\t\t\t\t\t\t\t\t<\/div>\n\t\t\t\t<\/div>\n\t\t\t\t<\/div>\n\t\t\t\t\t<\/div>\n\t\t\t\t<\/div>\n\t\t<div class=\"elementor-element elementor-element-59c3b3e e-flex e-con-boxed e-con e-parent\" data-id=\"59c3b3e\" data-element_type=\"container\" data-e-type=\"container\">\n\t\t\t\t\t<div class=\"e-con-inner\">\n\t\t\t\t<div class=\"elementor-element elementor-element-8d703e2 elementor-widget-divider--view-line elementor-widget elementor-widget-divider\" data-id=\"8d703e2\" data-element_type=\"widget\" data-e-type=\"widget\" data-widget_type=\"divider.default\">\n\t\t\t\t<div class=\"elementor-widget-container\">\n\t\t\t\t\t\t\t<div class=\"elementor-divider\">\n\t\t\t<span class=\"elementor-divider-separator\">\n\t\t\t\t\t\t<\/span>\n\t\t<\/div>\n\t\t\t\t\t\t<\/div>\n\t\t\t\t<\/div>\n\t\t\t\t\t<\/div>\n\t\t\t\t<\/div>\n\t\t<div class=\"elementor-element elementor-element-7a6a633 e-grid e-con-boxed e-con e-parent\" data-id=\"7a6a633\" data-element_type=\"container\" data-e-type=\"container\">\n\t\t\t\t\t<div class=\"e-con-inner\">\n\t\t<div class=\"elementor-element elementor-element-10a7adb e-con-full e-flex e-con e-child\" data-id=\"10a7adb\" data-element_type=\"container\" data-e-type=\"container\">\n\t\t\t\t<div class=\"elementor-element elementor-element-cf9aeb4 elementor-widget elementor-widget-heading\" data-id=\"cf9aeb4\" data-element_type=\"widget\" data-e-type=\"widget\" data-widget_type=\"heading.default\">\n\t\t\t\t<div class=\"elementor-widget-container\">\n\t\t\t\t\t<h2 class=\"elementor-heading-title elementor-size-default\">Calidad humana<\/h2>\t\t\t\t<\/div>\n\t\t\t\t<\/div>\n\t\t\t\t<\/div>\n\t\t<div class=\"elementor-element elementor-element-36a055d e-con-full e-flex e-con e-child\" data-id=\"36a055d\" data-element_type=\"container\" data-e-type=\"container\">\n\t\t\t\t<div class=\"elementor-element elementor-element-9a7b26c elementor-widget elementor-widget-text-editor\" data-id=\"9a7b26c\" data-element_type=\"widget\" data-e-type=\"widget\" data-widget_type=\"text-editor.default\">\n\t\t\t\t<div class=\"elementor-widget-container\">\n\t\t\t\t\t\t\t\t\t<p>Cuidamos todos los detalles de nuestros productos y servicios que ofrecemos, porque la calidad no depende solo de lo que es material, sino del buen trato humano y personal.<\/p>\t\t\t\t\t\t\t\t<\/div>\n\t\t\t\t<\/div>\n\t\t\t\t<\/div>\n\t\t\t\t\t<\/div>\n\t\t\t\t<\/div>\n\t\t<div class=\"elementor-element elementor-element-dca4f8f e-flex e-con-boxed e-con e-parent\" data-id=\"dca4f8f\" data-element_type=\"container\" data-e-type=\"container\">\n\t\t\t\t\t<div class=\"e-con-inner\">\n\t\t\t\t<div class=\"elementor-element elementor-element-51ad654 elementor-widget-divider--view-line elementor-widget elementor-widget-divider\" data-id=\"51ad654\" data-element_type=\"widget\" data-e-type=\"widget\" data-widget_type=\"divider.default\">\n\t\t\t\t<div class=\"elementor-widget-container\">\n\t\t\t\t\t\t\t<div class=\"elementor-divider\">\n\t\t\t<span class=\"elementor-divider-separator\">\n\t\t\t\t\t\t<\/span>\n\t\t<\/div>\n\t\t\t\t\t\t<\/div>\n\t\t\t\t<\/div>\n\t\t\t\t\t<\/div>\n\t\t\t\t<\/div>\n\t\t<div class=\"elementor-element elementor-element-77b0b16 e-grid e-con-boxed e-con e-parent\" data-id=\"77b0b16\" data-element_type=\"container\" data-e-type=\"container\">\n\t\t\t\t\t<div class=\"e-con-inner\">\n\t\t<div class=\"elementor-element elementor-element-c3711ec e-con-full e-flex e-con e-child\" data-id=\"c3711ec\" data-element_type=\"container\" data-e-type=\"container\">\n\t\t\t\t<div class=\"elementor-element elementor-element-9222444 elementor-widget elementor-widget-heading\" data-id=\"9222444\" data-element_type=\"widget\" data-e-type=\"widget\" data-widget_type=\"heading.default\">\n\t\t\t\t<div class=\"elementor-widget-container\">\n\t\t\t\t\t<h2 class=\"elementor-heading-title elementor-size-default\">Tecnolog\u00eda y dise\u00f1o <\/h2>\t\t\t\t<\/div>\n\t\t\t\t<\/div>\n\t\t\t\t<\/div>\n\t\t<div class=\"elementor-element elementor-element-0fa740b e-con-full e-flex e-con e-child\" data-id=\"0fa740b\" data-element_type=\"container\" data-e-type=\"container\">\n\t\t\t\t<div class=\"elementor-element elementor-element-22542d7 elementor-widget elementor-widget-text-editor\" data-id=\"22542d7\" data-element_type=\"widget\" data-e-type=\"widget\" data-widget_type=\"text-editor.default\">\n\t\t\t\t<div class=\"elementor-widget-container\">\n\t\t\t\t\t\t\t\t\t<p>Estamos al d\u00eda de las novedades y tendencias actuales y futuras del sector, con nuevos productos, nuevos materiales y con capacidad para desarrollar desde propuestas cl\u00e1sicas hasta las m\u00e1s innovadoras.<\/p>\t\t\t\t\t\t\t\t<\/div>\n\t\t\t\t<\/div>\n\t\t\t\t<\/div>\n\t\t\t\t\t<\/div>\n\t\t\t\t<\/div>\n\t\t<div class=\"elementor-element elementor-element-1b5086b e-flex e-con-boxed e-con e-parent\" data-id=\"1b5086b\" data-element_type=\"container\" data-e-type=\"container\">\n\t\t\t\t\t<div class=\"e-con-inner\">\n\t\t\t\t<div class=\"elementor-element elementor-element-175dc2e elementor-widget-divider--view-line elementor-widget elementor-widget-divider\" data-id=\"175dc2e\" data-element_type=\"widget\" data-e-type=\"widget\" data-widget_type=\"divider.default\">\n\t\t\t\t<div class=\"elementor-widget-container\">\n\t\t\t\t\t\t\t<div class=\"elementor-divider\">\n\t\t\t<span class=\"elementor-divider-separator\">\n\t\t\t\t\t\t<\/span>\n\t\t<\/div>\n\t\t\t\t\t\t<\/div>\n\t\t\t\t<\/div>\n\t\t\t\t\t<\/div>\n\t\t\t\t<\/div>\n\t\t<div class=\"elementor-element elementor-element-d4baad6 e-grid e-con-boxed e-con e-parent\" data-id=\"d4baad6\" data-element_type=\"container\" data-e-type=\"container\">\n\t\t\t\t\t<div class=\"e-con-inner\">\n\t\t<div class=\"elementor-element elementor-element-e409add e-con-full e-flex e-con e-child\" data-id=\"e409add\" data-element_type=\"container\" data-e-type=\"container\">\n\t\t\t\t<div class=\"elementor-element elementor-element-3dd9f81 elementor-widget elementor-widget-heading\" data-id=\"3dd9f81\" data-element_type=\"widget\" data-e-type=\"widget\" data-widget_type=\"heading.default\">\n\t\t\t\t<div class=\"elementor-widget-container\">\n\t\t\t\t\t<h2 class=\"elementor-heading-title elementor-size-default\">Bioconstrucci\u00f3n<\/h2>\t\t\t\t<\/div>\n\t\t\t\t<\/div>\n\t\t\t\t<\/div>\n\t\t<div class=\"elementor-element elementor-element-cd51f62 e-con-full e-flex e-con e-child\" data-id=\"cd51f62\" data-element_type=\"container\" data-e-type=\"container\">\n\t\t\t\t<div class=\"elementor-element elementor-element-c79bb66 elementor-widget elementor-widget-text-editor\" data-id=\"c79bb66\" data-element_type=\"widget\" data-e-type=\"widget\" data-widget_type=\"text-editor.default\">\n\t\t\t\t<div class=\"elementor-widget-container\">\n\t\t\t\t\t\t\t\t\t<p>PAPIK Group es construcci\u00f3n verde y sostenible, es ahorro energ\u00e9tico, es sostenibilidad y es compromiso por el medio ambiente.<\/p>\t\t\t\t\t\t\t\t<\/div>\n\t\t\t\t<\/div>\n\t\t\t\t<\/div>\n\t\t\t\t\t<\/div>\n\t\t\t\t<\/div>\n\t\t<div class=\"elementor-element elementor-element-66d73b8 e-flex e-con-boxed e-con e-parent\" data-id=\"66d73b8\" data-element_type=\"container\" data-e-type=\"container\">\n\t\t\t\t\t<div class=\"e-con-inner\">\n\t\t\t\t<div class=\"elementor-element elementor-element-eb78cc7 elementor-widget-divider--view-line elementor-widget elementor-widget-divider\" data-id=\"eb78cc7\" data-element_type=\"widget\" data-e-type=\"widget\" data-widget_type=\"divider.default\">\n\t\t\t\t<div class=\"elementor-widget-container\">\n\t\t\t\t\t\t\t<div class=\"elementor-divider\">\n\t\t\t<span class=\"elementor-divider-separator\">\n\t\t\t\t\t\t<\/span>\n\t\t<\/div>\n\t\t\t\t\t\t<\/div>\n\t\t\t\t<\/div>\n\t\t\t\t\t<\/div>\n\t\t\t\t<\/div>\n\t\t<div class=\"elementor-element elementor-element-0f3321a e-flex e-con-boxed e-con e-parent\" data-id=\"0f3321a\" data-element_type=\"container\" data-e-type=\"container\">\n\t\t\t\t\t<div class=\"e-con-inner\">\n\t\t\t\t<div class=\"elementor-element elementor-element-3889506 elementor-widget elementor-widget-spacer\" data-id=\"3889506\" data-element_type=\"widget\" data-e-type=\"widget\" data-widget_type=\"spacer.default\">\n\t\t\t\t<div class=\"elementor-widget-container\">\n\t\t\t\t\t\t\t<div class=\"elementor-spacer\">\n\t\t\t<div class=\"elementor-spacer-inner\"><\/div>\n\t\t<\/div>\n\t\t\t\t\t\t<\/div>\n\t\t\t\t<\/div>\n\t\t\t\t\t<\/div>\n\t\t\t\t<\/div>\n\t\t<div class=\"elementor-element elementor-element-5a0db10 e-flex e-con-boxed e-con e-parent\" data-id=\"5a0db10\" data-element_type=\"container\" data-e-type=\"container\">\n\t\t\t\t\t<div class=\"e-con-inner\">\n\t\t\t\t<div class=\"elementor-element elementor-element-d7625c4 elementor-widget elementor-widget-image\" data-id=\"d7625c4\" data-element_type=\"widget\" data-e-type=\"widget\" data-widget_type=\"image.default\">\n\t\t\t\t<div class=\"elementor-widget-container\">\n\t\t\t\t\t\t\t\t\t\t\t\t\t\t\t<img fetchpriority=\"high\" decoding=\"async\" width=\"768\" height=\"511\" src=\"https:\/\/www.papik.cat\/wp-content\/uploads\/2019\/11\/img-0265-768x511.jpg\" class=\"attachment-medium_large size-medium_large wp-image-2688\" alt=\"\" srcset=\"https:\/\/www.papik.cat\/wp-content\/uploads\/2019\/11\/img-0265-768x511.jpg 768w, https:\/\/www.papik.cat\/wp-content\/uploads\/2019\/11\/img-0265-300x200.jpg 300w, https:\/\/www.papik.cat\/wp-content\/uploads\/2019\/11\/img-0265-1024x681.jpg 1024w, https:\/\/www.papik.cat\/wp-content\/uploads\/2019\/11\/img-0265-1536x1022.jpg 1536w, https:\/\/www.papik.cat\/wp-content\/uploads\/2019\/11\/img-0265-2048x1363.jpg 2048w\" sizes=\"(max-width: 768px) 100vw, 768px\" \/>\t\t\t\t\t\t\t\t\t\t\t\t\t\t\t<\/div>\n\t\t\t\t<\/div>\n\t\t\t\t<div class=\"elementor-element elementor-element-87ad6e0 elementor-widget elementor-widget-spacer\" data-id=\"87ad6e0\" data-element_type=\"widget\" data-e-type=\"widget\" data-widget_type=\"spacer.default\">\n\t\t\t\t<div class=\"elementor-widget-container\">\n\t\t\t\t\t\t\t<div class=\"elementor-spacer\">\n\t\t\t<div class=\"elementor-spacer-inner\"><\/div>\n\t\t<\/div>\n\t\t\t\t\t\t<\/div>\n\t\t\t\t<\/div>\n\t\t\t\t\t<\/div>\n\t\t\t\t<\/div>\n\t\t<div class=\"elementor-element elementor-element-0f00df9 e-flex e-con-boxed e-con e-parent\" data-id=\"0f00df9\" data-element_type=\"container\" data-e-type=\"container\">\n\t\t\t\t\t<div class=\"e-con-inner\">\n\t\t<div class=\"elementor-element elementor-element-8effd9f e-con-full e-flex e-con e-child\" data-id=\"8effd9f\" data-element_type=\"container\" data-e-type=\"container\">\n\t\t\t\t<div class=\"elementor-element elementor-element-75832cc elementor-widget elementor-widget-image\" data-id=\"75832cc\" data-element_type=\"widget\" data-e-type=\"widget\" data-widget_type=\"image.default\">\n\t\t\t\t<div class=\"elementor-widget-container\">\n\t\t\t\t\t\t\t\t\t\t\t\t\t\t\t<img decoding=\"async\" width=\"150\" height=\"150\" src=\"https:\/\/www.papik.cat\/wp-content\/uploads\/2024\/06\/copa-ganadora-150x150.png\" class=\"attachment-thumbnail size-thumbnail wp-image-4865\" alt=\"\" srcset=\"https:\/\/www.papik.cat\/wp-content\/uploads\/2024\/06\/copa-ganadora-150x150.png 150w, https:\/\/www.papik.cat\/wp-content\/uploads\/2024\/06\/copa-ganadora-300x300.png 300w, https:\/\/www.papik.cat\/wp-content\/uploads\/2024\/06\/copa-ganadora.png 512w\" sizes=\"(max-width: 150px) 100vw, 150px\" \/>\t\t\t\t\t\t\t\t\t\t\t\t\t\t\t<\/div>\n\t\t\t\t<\/div>\n\t\t\t\t<\/div>\n\t\t<div class=\"elementor-element elementor-element-ccf60c9 e-con-full e-flex e-con e-child\" data-id=\"ccf60c9\" data-element_type=\"container\" data-e-type=\"container\">\n\t\t\t\t<div class=\"elementor-element elementor-element-d4f1a3a elementor-widget elementor-widget-text-editor\" data-id=\"d4f1a3a\" data-element_type=\"widget\" data-e-type=\"widget\" data-widget_type=\"text-editor.default\">\n\t\t\t\t<div class=\"elementor-widget-container\">\n\t\t\t\t\t\t\t\t\t<p>PAPIK Group recibi\u00f3 el galard\u00f3n a la <strong>excelencia empresarial <\/strong> en la categor\u00eda a la Innovaci\u00f3n en la Construcci\u00f3n.<\/p><p>La distinci\u00f3n, liderada por el diario econ\u00f3mico El Economista, cont\u00f3 con el apoyo de Fomento del trabajo.<\/p><p><strong>Papik Fisas<\/strong>, gerente de PAPIK Group, record\u00f3 que la situaci\u00f3n de emergencia clim\u00e1tica en que nos encontramos necesita soluciones pioneras, como por ejemplo las casas capaces de generar m\u00e1s energ\u00eda de la que consumen.<\/p>\t\t\t\t\t\t\t\t<\/div>\n\t\t\t\t<\/div>\n\t\t\t\t<\/div>\n\t\t\t\t\t<\/div>\n\t\t\t\t<\/div>\n\t\t<div class=\"elementor-element elementor-element-8188d0e e-flex e-con-boxed e-con e-parent\" data-id=\"8188d0e\" data-element_type=\"container\" data-e-type=\"container\">\n\t\t\t\t\t<div class=\"e-con-inner\">\n\t\t\t\t<div class=\"elementor-element elementor-element-89a3953 elementor-widget elementor-widget-spacer\" data-id=\"89a3953\" data-element_type=\"widget\" data-e-type=\"widget\" data-widget_type=\"spacer.default\">\n\t\t\t\t<div class=\"elementor-widget-container\">\n\t\t\t\t\t\t\t<div class=\"elementor-spacer\">\n\t\t\t<div class=\"elementor-spacer-inner\"><\/div>\n\t\t<\/div>\n\t\t\t\t\t\t<\/div>\n\t\t\t\t<\/div>\n\t\t\t\t\t<\/div>\n\t\t\t\t<\/div>\n\t\t<div class=\"elementor-element elementor-element-3485d8d7 e-grid e-con-boxed e-con e-parent\" data-id=\"3485d8d7\" data-element_type=\"container\" data-e-type=\"container\" data-settings=\"{&quot;background_background&quot;:&quot;classic&quot;}\">\n\t\t\t\t\t<div class=\"e-con-inner\">\n\t\t<div class=\"elementor-element elementor-element-6443e038 e-con-full e-flex e-con e-child\" data-id=\"6443e038\" data-element_type=\"container\" data-e-type=\"container\">\n\t\t\t\t<div class=\"elementor-element elementor-element-7286325e elementor-widget elementor-widget-heading\" data-id=\"7286325e\" data-element_type=\"widget\" data-e-type=\"widget\" data-widget_type=\"heading.default\">\n\t\t\t\t<div class=\"elementor-widget-container\">\n\t\t\t\t\t<h2 class=\"elementor-heading-title elementor-size-default\">Calcula el coste de tu casa<\/h2>\t\t\t\t<\/div>\n\t\t\t\t<\/div>\n\t\t\t\t<\/div>\n\t\t<div class=\"elementor-element elementor-element-2a0ca765 e-flex e-con-boxed e-con e-child\" data-id=\"2a0ca765\" data-element_type=\"container\" data-e-type=\"container\" data-settings=\"{&quot;background_background&quot;:&quot;classic&quot;}\">\n\t\t\t\t\t<div class=\"e-con-inner\">\n\t\t\t\t<div class=\"elementor-element elementor-element-50140d05 elementor-button-info elementor-mobile-align-left elementor-widget elementor-widget-button\" data-id=\"50140d05\" data-element_type=\"widget\" data-e-type=\"widget\" data-widget_type=\"button.default\">\n\t\t\t\t<div class=\"elementor-widget-container\">\n\t\t\t\t\t\t\t\t\t<div class=\"elementor-button-wrapper\">\n\t\t\t\t\t<a class=\"elementor-button elementor-button-link elementor-size-sm\" href=\"https:\/\/www.papik.cat\/es\/presupuesto\/\">\n\t\t\t\t\t\t<span class=\"elementor-button-content-wrapper\">\n\t\t\t\t\t\t\t\t\t<span class=\"elementor-button-text\">Presupuesto<\/span>\n\t\t\t\t\t<\/span>\n\t\t\t\t\t<\/a>\n\t\t\t\t<\/div>\n\t\t\t\t\t\t\t\t<\/div>\n\t\t\t\t<\/div>\n\t\t\t\t\t<\/div>\n\t\t\t\t<\/div>\n\t\t\t\t\t<\/div>\n\t\t\t\t<\/div>\n\t\t\t\t<\/div>\n\t\t","protected":false},"excerpt":{"rendered":"<p>\u00bfQui\u00e9nes somos? PAPIK Group es una empresa de construcci\u00f3n de casas de Alta Eficiencia Energ\u00e9tica, con un sistema constructivo propio de avanzada tecnolog\u00eda. PAPIK Group es una empresa de construcci\u00f3n fundada en 1994, con sede en Sant Cugat del Vall\u00e8s y un taller de fabricaci\u00f3n propia en Castellbell i el Vilar (Manresa). Somos un equipo &hellip; <a href=\"https:\/\/www.papik.cat\/es\/quienes-somos\/\">Ver m\u00e1s<\/a><\/p>\n","protected":false},"author":1,"featured_media":0,"parent":0,"menu_order":0,"comment_status":"closed","ping_status":"closed","template":"","meta":{"_acf_changed":false,"footnotes":""},"class_list":["post-3606","page","type-page","status-publish","hentry"],"acf":[],"_links":{"self":[{"href":"https:\/\/www.papik.cat\/es\/wp-json\/wp\/v2\/pages\/3606","targetHints":{"allow":["GET"]}}],"collection":[{"href":"https:\/\/www.papik.cat\/es\/wp-json\/wp\/v2\/pages"}],"about":[{"href":"https:\/\/www.papik.cat\/es\/wp-json\/wp\/v2\/types\/page"}],"author":[{"embeddable":true,"href":"https:\/\/www.papik.cat\/es\/wp-json\/wp\/v2\/users\/1"}],"replies":[{"embeddable":true,"href":"https:\/\/www.papik.cat\/es\/wp-json\/wp\/v2\/comments?post=3606"}],"version-history":[{"count":5,"href":"https:\/\/www.papik.cat\/es\/wp-json\/wp\/v2\/pages\/3606\/revisions"}],"predecessor-version":[{"id":8586,"href":"https:\/\/www.papik.cat\/es\/wp-json\/wp\/v2\/pages\/3606\/revisions\/8586"}],"wp:attachment":[{"href":"https:\/\/www.papik.cat\/es\/wp-json\/wp\/v2\/media?parent=3606"}],"curies":[{"name":"wp","href":"https:\/\/api.w.org\/{rel}","templated":true}]}}