{"id":3682,"date":"2024-04-22T12:40:58","date_gmt":"2024-04-22T10:40:58","guid":{"rendered":"https:\/\/www.papik.cat\/aviso-legal\/"},"modified":"2024-05-16T12:21:42","modified_gmt":"2024-05-16T10:21:42","slug":"aviso-legal","status":"publish","type":"page","link":"https:\/\/www.papik.cat\/es\/aviso-legal\/","title":{"rendered":"Aviso legal"},"content":{"rendered":"\n<p>En cumplimiento del art\u00edculo 10 de la Ley 34\/2002, de 11 de julio, de Servicios de la Sociedad de la Informaci\u00f3n y del E-commerce (LSSICE), Papik <em>Fusters S.L. (de ahora en adelante, <\/em>*Papik Fusters\u201d), Responsable de esta web, pose a disposici\u00f3n de los Usuarios la presente informaci\u00f3n, para definir sus Condiciones de Uso.<\/p>\n\n<p>Adicionalmente a los contenidos aqu\u00ed expuestos, los aspectos espec\u00edficos relacionados con la protecci\u00f3n de los datos personales y la privacidad de los usuarios de esta web se desarrollan en las p\u00e1ginas de Pol\u00edtica de Privacidad y Pol\u00edtica de Cookies.<\/p>\n\n<h2 class=\"wp-block-heading\">Identidad del Responsable del Tratamiento<\/h2>\n\n<p>Denominaci\u00f3n Social: Papik Fusters S.L.<br\/>Nombre Comercial: Papik Fusters<br\/>CIF \/ NIF \/ NIE: B63965834<br\/>Inscrita en el Registro Mercantil de Barcelona: Tom 37953 \/ Folio 10 \/ Hoja B \/ 312.602<br\/>Domicilio Social: C\/ Sort 34, 08172, Sant Cugat del Vall\u00e8s, Barcelona<br\/>Actividad: Construcci\u00f3n<br\/>Tel\u00e9fono: 935906074<br\/>email: <a href=\"mailto:in&#102;o&#64;&#112;a&#112;ik&#46;&#99;&#97;&#116;\">inf&#111;&#64;&#112;a&#112;ik&#46;&#99;at<\/a><br\/>Formulario de contacto online: <a href=\"https:\/\/www.papik.cat\/contacte\">https:\/\/www.papik.cat\/es\/contacto<\/a><br\/>Nombre de Dominio: <a href=\"http:\/\/www.papik.cat\" data-type=\"link\" data-id=\"www.papik.cat\">www.papik.cat<\/a><br\/>Registro de Tratamientos conforme al RGPD: Clientes\/Proveedores, Listas de Correo, Empleados, Selecci\u00f3n de Personal y Usuarios Web.<\/p>\n\n<h2 class=\"wp-block-heading\">Finalidad de la Web<\/h2>\n\n<p>La web de Papik Fusters tiene la finalidad de informar clientes y potenciales clientes de sus productos y\/o servicios, datos de contacto, ubicaci\u00f3n, etc. Adem\u00e1s, en su caso, tambi\u00e9n tendr\u00e1 la finalidad de divulgar informaci\u00f3n relacionada con el sector de actividad del Responsable.<\/p>\n\n<h2 class=\"wp-block-heading\">Marco Normativo<\/h2>\n\n<p>La actividad de esta web se encuentra sujeta en el marco legal espa\u00f1ol y europeo, concretamente a las siguientes normas:<\/p>\n\n<p>Reglamento General de Protecci\u00f3n de Datos (RGPD) (UE) 2016\/679, que regula el tratamiento de datos personales a los pa\u00edses de la Uni\u00f3n Europea.<br\/>Ley Org\u00e1nica 3\/2018, de 5 de diciembre, sobre protecci\u00f3n de datos y derechos digitales (LOPD y GDD), normas de \u00e1mbito regional (aplicables en Espa\u00f1a), y que definen y ampl\u00edan muchos de los conceptos y derechos presentes en el RGPD.<br\/>Ley 34\/2002, de 11 de julio, de Servicios de la Sociedad de la Informaci\u00f3n y del E-commerce (LSSICE), norma que afecta aquellas webs que, de alguna forma, realicen actividades econ\u00f3micas mediante medios electr\u00f3nicos, como es el caso de esta web.<\/p>\n\n<h2 class=\"wp-block-heading\">Condiciones de Uso y Responsabilidades<\/h2>\n\n<p>Toda persona que acceda a este sitio web asume el papel de Usuario, comprometi\u00e9ndose a la observancia y cumplimiento riguroso de las condiciones aqu\u00ed dispuestas, as\u00ed como a cualesquier otra disposici\u00f3n legal que fuera aplicable. \u201cPapik Fusters\u201d no se har\u00e1 responsable de los da\u00f1os y perjuicios, propios o a terceros, producidos por el uso de este sitio web por parte del Usuario.<\/p>\n\n<p>\u201cPapik Fusters\u201d proporciona el acceso a art\u00edculos, informaciones, servicios y datos de su propiedad o de terceros, elaborados con fines meramente informativos o divulgativos, que podan no reflejar el estado actual de la legislaci\u00f3n o la jurisprudencia, y que se refieren a situaciones generales, por lo cual su contenido no tiene que ser aplicado necesariamente por el Usuario a casos concretos. El contenido de esta web, por lo tanto, no puede ser considerado, en ning\u00fan caso, sustitutivo de asesoramiento legal.<\/p>\n\n<p>\u201cPapik Fusters\u201d se reserva el derecho a modificar cualquier tipo de informaci\u00f3n que pudiera aparecer en la web, en cualquier momento y sin previo aviso, sin que exista obligaci\u00f3n de preavisar o poner en conocimiento de los Usuarios estas obligaciones, entendi\u00e9ndose como suficiente la publicaci\u00f3n en el presente sitio web.<\/p>\n\n<p>Este sitio web ha sido revisado y probado para que funcione correctamente de manera ininterrumpida. Sin embargo, \u201cPapik Fusters\u201d no descarta la posibilidad que existan ciertos errores de programaci\u00f3n, falta de disponibilidad puntual (por ejemplo, ca\u00eddas del servidor, o mantenimiento del mismo) o que acontezcan causas de fuerza mayor, cat\u00e1strofes naturales, vagos, o circunstancias parecidas que hagan imposible el acceso temporal a la p\u00e1gina web. De igual forma, \u201cPapik Fusters\u201d no puede garantizar el funcionamiento ininterrumpido o totalmente libro de errores de esta web, ni se responsabiliza de los virus que tengan su origen en una transmisi\u00f3n telem\u00e1tica infiltrados por terceros generados con el fin de obtener resultados negativos para un sistema inform\u00e1tico.<\/p>\n\n<p>El Usuario se compromete a no utilizar esta web ni, en su caso, los servicios o productos ofrecidos en esta, para la realizaci\u00f3n de actividades contrarias a la ley, al orden p\u00fablico o a estas condiciones de uso. Por tanto, \u201cPapik Fusters\u201d no se hace responsable de la informaci\u00f3n y contenidos almacenados, a t\u00edtulo enunciativo pero no limitativo, en foros, chat\u00b4s, generadores de blogs, comentarios, redes sociales o cualesquiera otro medio que permita a terceros publicar contenidos. Sin embargo, y en cumplimiento del que se dispone en el art\u00edculo 11 y 16 de la <em>LSSI-CE, <\/em> Papik Fusters\u201d se pone a disposici\u00f3n de todos los Usuarios, autoridades y fuerzas de seguridad, y colaborando de manera activa en la retirada o en su caso bloqueo de todos aquellos contenidos que pudieran afectar o contravenir la legislaci\u00f3n nacional, o internacional, derechos de terceros, o la moral y el orden p\u00fablico. En caso de que un Usuario considere que existe en la web alg\u00fan contenido que pudiera ser susceptible de esta clasificaci\u00f3n, se ruega lo notifique de manera inmediata a nuestro personal.<\/p>\n\n<p>\u201cPapik Fusters\u201d se reserva el derecho a denegar o retirar el acceso en la web sin necesidad de advertencia previa, a instancia propia o de un tercero, a aquellos Usuarios que incumplan nuestras Condiciones de Uso.<\/p>\n\n<h2 class=\"wp-block-heading\">Propiedad Intelectual<\/h2>\n\n<p>El sitio web, incluyendo t\u00edtulo enunciativo pero no limitativo su programaci\u00f3n, edici\u00f3n, compilaci\u00f3n y otros elementos necesarios para su funcionamiento, los dise\u00f1os, logotipos, texto y\/o gr\u00e1ficos son propiedad de \u201cPapik Fusters\u201d o, en su caso, dispone de licencia o autorizaci\u00f3n expr\u00e9s por parte de los autores.<\/p>\n\n<p>Todos los contenidos del sitio web se encuentran debidamente protegidos por la normativa de propiedad intelectual e industrial (art\u00edculos 8 y 32.1, p\u00e1rrafo segundo, de la Ley de Propiedad Intelectual), as\u00ed como inscritos en los registros p\u00fablicos correspondientes, y no se permite la reproducci\u00f3n y\/o publicaci\u00f3n, total o parcial, del sitio web, ni su tratamiento inform\u00e1tico, su distribuci\u00f3n, difusi\u00f3n, modificaci\u00f3n o transformaci\u00f3n, sin el permiso previo y por escrito de este. \u201cPapik Fusters\u201d velar\u00e1 por el cumplimiento de las anteriores condiciones, as\u00ed como por la debida utilizaci\u00f3n de los contenidos presentados en sus p\u00e1ginas web, ejercitando todas las acciones civiles y penales que le correspondan en el caso de infracci\u00f3n o incumplimiento de estos derechos por parte del Usuario.<\/p>\n\n<p>Los dise\u00f1os, logotipos, texto y\/o gr\u00e1ficos ajenos a \u201cPapik Fusters\u201d y que pudieran aparecer en el sitio web, pertenecen a sus respectivos propietarios, siente ellos mismos responsables de cualquier posible controversia que pudiera suscitarse respecto a estos. En todo caso, \u201cPapik Fusters\u201d cuenta con la autorizaci\u00f3n expr\u00e9s y previa por parte de estos. \u201cPapik Fusters\u201d reconoce a favor de sus titulares los correspondientes derechos de propiedad industrial e intelectual, no implicando su sola menci\u00f3n o aparici\u00f3n en el sitio web la existencia de derechos o ninguna responsabilidad del Responsable sobre estos, como tampoco apoyo, patrocinio o recomendaci\u00f3n por parte de este.<\/p>\n\n<h2 class=\"wp-block-heading\">Enlaces de terceros<\/h2>\n\n<p>\u201cPapik Fusters\u201d puede poner a disposici\u00f3n del Usuario enlaces u otros elementos que permiten el acceso hacia otros sitios web pertenecientes a terceros. No comercializamos los productos y\/o servicios de estas p\u00e1ginas enlazadas, ni asumimos ning\u00fan tipo de responsabilidad sobre estas, ni sobre la informaci\u00f3n contenida en ellas, ni su veracidad o licitud, ni de cualesquier efectos que pudieran derivarse.<\/p>\n\n<p>En todo caso, \u201cPapik Fusters\u201d manifiesta que proceder\u00e1 a la retirada inmediata de cualquier contenido que pudiera contravenir la legislaci\u00f3n nacional o internacional, la moral o el orden p\u00fablico, procediendo a la retirada inmediata de la redirecci\u00f3n a este sitio web, poniendo en conocimiento de las autoridades competentes el contenido en cuesti\u00f3n.<\/p>\n\n<h2 class=\"wp-block-heading\">Ley Aplicable y Jurisdicci\u00f3n<\/h2>\n\n<p>La relaci\u00f3n entre Responsable y Usuario se rige en todos y cada uno de sus extremos por la ley espa\u00f1ola, a la cual se someten expresamente ambas partes. El idioma de redacci\u00f3n e interpretaci\u00f3n de este aviso legal es el espa\u00f1ol. Para la resoluci\u00f3n de todas las controversias o cuestiones relacionadas con el presente sitio web o de las actividades en \u00e9l desarrolladas, \u201cPapik Fusters\u201d y Usuario acuerdan someterse a los Juzgados y Tribunales del domicilio del Usuario.<\/p>\n","protected":false},"excerpt":{"rendered":"<p>En cumplimiento del art\u00edculo 10 de la Ley 34\/2002, de 11 de julio, de Servicios de la Sociedad de la Informaci\u00f3n y del E-commerce (LSSICE), Papik Fusters S.L. (de ahora en adelante, *Papik Fusters\u201d), Responsable de esta web, pose a disposici\u00f3n de los Usuarios la presente informaci\u00f3n, para definir sus Condiciones de Uso. Adicionalmente a &hellip; <a href=\"https:\/\/www.papik.cat\/es\/aviso-legal\/\">Ver m\u00e1s<\/a><\/p>\n","protected":false},"author":1,"featured_media":0,"parent":0,"menu_order":0,"comment_status":"closed","ping_status":"closed","template":"template-legal.blade.php","meta":{"_acf_changed":false,"footnotes":""},"class_list":["post-3682","page","type-page","status-publish","hentry"],"acf":[],"_links":{"self":[{"href":"https:\/\/www.papik.cat\/es\/wp-json\/wp\/v2\/pages\/3682","targetHints":{"allow":["GET"]}}],"collection":[{"href":"https:\/\/www.papik.cat\/es\/wp-json\/wp\/v2\/pages"}],"about":[{"href":"https:\/\/www.papik.cat\/es\/wp-json\/wp\/v2\/types\/page"}],"author":[{"embeddable":true,"href":"https:\/\/www.papik.cat\/es\/wp-json\/wp\/v2\/users\/1"}],"replies":[{"embeddable":true,"href":"https:\/\/www.papik.cat\/es\/wp-json\/wp\/v2\/comments?post=3682"}],"version-history":[{"count":0,"href":"https:\/\/www.papik.cat\/es\/wp-json\/wp\/v2\/pages\/3682\/revisions"}],"wp:attachment":[{"href":"https:\/\/www.papik.cat\/es\/wp-json\/wp\/v2\/media?parent=3682"}],"curies":[{"name":"wp","href":"https:\/\/api.w.org\/{rel}","templated":true}]}}