{"id":4188,"date":"2024-05-13T10:22:05","date_gmt":"2024-05-13T08:22:05","guid":{"rendered":"https:\/\/www.papik.cat\/que-hacemos\/ampliaciones-y-remontas\/"},"modified":"2026-01-28T14:58:56","modified_gmt":"2026-01-28T13:58:56","slug":"ampliaciones-y-remontas","status":"publish","type":"page","link":"https:\/\/www.papik.cat\/es\/que-hacemos\/ampliaciones-y-remontas\/","title":{"rendered":"Ampliaciones y remontas"},"content":{"rendered":"\t\t<div data-elementor-type=\"wp-page\" data-elementor-id=\"4188\" class=\"elementor elementor-4188 elementor-3952\" data-elementor-post-type=\"page\">\n\t\t\t\t<div class=\"elementor-element elementor-element-ddbe135 e-flex e-con-boxed e-con e-parent\" data-id=\"ddbe135\" data-element_type=\"container\" data-e-type=\"container\" data-settings=\"{&quot;background_background&quot;:&quot;classic&quot;}\">\n\t\t\t\t\t<div class=\"e-con-inner\">\n\t\t\t\t<div class=\"elementor-element elementor-element-4bde19d elementor-widget__width-initial elementor-widget elementor-widget-heading\" data-id=\"4bde19d\" data-element_type=\"widget\" data-e-type=\"widget\" data-widget_type=\"heading.default\">\n\t\t\t\t<div class=\"elementor-widget-container\">\n\t\t\t\t\t<h2 class=\"elementor-heading-title elementor-size-default\">Gana mucho m\u00e1s que espacio: haz crecer tu casa de forma \u00e1gil y e\ufb01ciente.<\/h2>\t\t\t\t<\/div>\n\t\t\t\t<\/div>\n\t\t\t\t<div class=\"elementor-element elementor-element-0d28f13 elementor-widget elementor-widget-image\" data-id=\"0d28f13\" data-element_type=\"widget\" data-e-type=\"widget\" data-widget_type=\"image.default\">\n\t\t\t\t<div class=\"elementor-widget-container\">\n\t\t\t\t\t\t\t\t\t\t\t\t\t\t\t<img fetchpriority=\"high\" decoding=\"async\" width=\"1500\" height=\"1000\" src=\"https:\/\/www.papik.cat\/wp-content\/uploads\/2024\/05\/ampliacions-papik.jpg\" class=\"attachment-full size-full wp-image-4181\" alt=\"\" srcset=\"https:\/\/www.papik.cat\/wp-content\/uploads\/2024\/05\/ampliacions-papik.jpg 1500w, https:\/\/www.papik.cat\/wp-content\/uploads\/2024\/05\/ampliacions-papik-300x200.jpg 300w, https:\/\/www.papik.cat\/wp-content\/uploads\/2024\/05\/ampliacions-papik-1024x683.jpg 1024w, https:\/\/www.papik.cat\/wp-content\/uploads\/2024\/05\/ampliacions-papik-768x512.jpg 768w\" sizes=\"(max-width: 1500px) 100vw, 1500px\" \/>\t\t\t\t\t\t\t\t\t\t\t\t\t\t\t<\/div>\n\t\t\t\t<\/div>\n\t\t\t\t<div class=\"elementor-element elementor-element-954cfe1 elementor-widget elementor-widget-heading\" data-id=\"954cfe1\" data-element_type=\"widget\" data-e-type=\"widget\" data-widget_type=\"heading.default\">\n\t\t\t\t<div class=\"elementor-widget-container\">\n\t\t\t\t\t<h2 class=\"elementor-heading-title elementor-size-default\">Consigue m\u00e1s espacio para tu casa.<\/h2>\t\t\t\t<\/div>\n\t\t\t\t<\/div>\n\t\t<div class=\"elementor-element elementor-element-4119b20 e-grid e-con-boxed e-con e-child\" data-id=\"4119b20\" data-element_type=\"container\" data-e-type=\"container\">\n\t\t\t\t\t<div class=\"e-con-inner\">\n\t\t\t\t<div class=\"elementor-element elementor-element-42b2561 elementor-widget elementor-widget-text-editor\" data-id=\"42b2561\" data-element_type=\"widget\" data-e-type=\"widget\" data-widget_type=\"text-editor.default\">\n\t\t\t\t<div class=\"elementor-widget-container\">\n\t\t\t\t\t\t\t\t\t<p>Si tu casa actual necesita crecer, nosotros lo hacemos posible porque estamos especializados en ampliaciones y remontas.<\/p><p>Ofrecemos la mejor opci\u00f3n para ganar metros adapt\u00e1ndolos a tus necesidades, personalizamos los interiores y los exteriores as\u00ed como el nivel de acabados de todo el hogar.<\/p><p>En poco tiempo podemos duplicar los metros cuadrados de tu casa tanto en planta (ampliaci\u00f3n) como en altura (remonta). Siempre con alta calidad y construcci\u00f3n de alta eficiencia energ\u00e9tica PAPIK Group:<\/p>\t\t\t\t\t\t\t\t<\/div>\n\t\t\t\t<\/div>\n\t\t\t\t<div class=\"elementor-element elementor-element-2313904 elementor-widget elementor-widget-text-editor\" data-id=\"2313904\" data-element_type=\"widget\" data-e-type=\"widget\" data-widget_type=\"text-editor.default\">\n\t\t\t\t<div class=\"elementor-widget-container\">\n\t\t\t\t\t\t\t\t\t<p>\u2022 Construcci\u00f3n ligera ideal para casas con poca cimentaci\u00f3n<br \/>\u2022 Elimina humedades existentes<br \/>\u2022 Eficiencia energ\u00e9tica<br \/>\u2022 Aislamiento t\u00e9rmico<br \/>\u2022 Mejora el confort de toda la casa<br \/>\u2022 Ampliar tu casa de forma sencilla<\/p>\t\t\t\t\t\t\t\t<\/div>\n\t\t\t\t<\/div>\n\t\t\t\t\t<\/div>\n\t\t\t\t<\/div>\n\t\t\t\t\t<\/div>\n\t\t\t\t<\/div>\n\t\t<div class=\"elementor-element elementor-element-08fc881 e-flex e-con-boxed e-con e-parent\" data-id=\"08fc881\" data-element_type=\"container\" data-e-type=\"container\" data-settings=\"{&quot;background_background&quot;:&quot;classic&quot;}\">\n\t\t\t\t\t<div class=\"e-con-inner\">\n\t\t\t\t<div class=\"elementor-element elementor-element-d2422f8 elementor-widget__width-inherit elementor-widget-mobile__width-inherit elementor-widget elementor-widget-heading\" data-id=\"d2422f8\" data-element_type=\"widget\" data-e-type=\"widget\" data-widget_type=\"heading.default\">\n\t\t\t\t<div class=\"elementor-widget-container\">\n\t\t\t\t\t<h2 class=\"elementor-heading-title elementor-size-default\">Remontas<\/h2>\t\t\t\t<\/div>\n\t\t\t\t<\/div>\n\t\t\t\t<div class=\"elementor-element elementor-element-dde6c20 elementor-widget elementor-widget-image\" data-id=\"dde6c20\" data-element_type=\"widget\" data-e-type=\"widget\" data-widget_type=\"image.default\">\n\t\t\t\t<div class=\"elementor-widget-container\">\n\t\t\t\t\t\t\t\t\t\t\t\t\t\t\t<img decoding=\"async\" width=\"1024\" height=\"682\" src=\"https:\/\/www.papik.cat\/wp-content\/uploads\/2017\/02\/06062012-mg-6552-copia-1024x682.jpg\" class=\"attachment-large size-large wp-image-3649\" alt=\"\" srcset=\"https:\/\/www.papik.cat\/wp-content\/uploads\/2017\/02\/06062012-mg-6552-copia-1024x682.jpg 1024w, https:\/\/www.papik.cat\/wp-content\/uploads\/2017\/02\/06062012-mg-6552-copia-300x200.jpg 300w, https:\/\/www.papik.cat\/wp-content\/uploads\/2017\/02\/06062012-mg-6552-copia-768x512.jpg 768w, https:\/\/www.papik.cat\/wp-content\/uploads\/2017\/02\/06062012-mg-6552-copia-1536x1024.jpg 1536w, https:\/\/www.papik.cat\/wp-content\/uploads\/2017\/02\/06062012-mg-6552-copia.jpg 1685w\" sizes=\"(max-width: 1024px) 100vw, 1024px\" \/>\t\t\t\t\t\t\t\t\t\t\t\t\t\t\t<\/div>\n\t\t\t\t<\/div>\n\t\t\t\t<div class=\"elementor-element elementor-element-1d8bb22 elementor-widget elementor-widget-text-editor\" data-id=\"1d8bb22\" data-element_type=\"widget\" data-e-type=\"widget\" data-widget_type=\"text-editor.default\">\n\t\t\t\t<div class=\"elementor-widget-container\">\n\t\t\t\t\t\t\t\t\t<p>Levantar una nueva planta benefici\u00e1ndote de las propiedades del sistema constructivo PAPIK Group.<\/p><p>Ofrecemos un sistema constructivo ligero que permite hacer remontas de casas con unos cimientos que no podr\u00edan soportar una nueva planta de construcci\u00f3n convencional. Con la utilizaci\u00f3n de materiales ligeros y transpirables es posible levantar una planta incluso con cimientos de casas antiguas y, gracias al nuevo sistema constructivo de transpiraci\u00f3n permanente, solucionar\u00e1s los problemas de humedades propios de este tipo de construcciones.<\/p><p>Duplica los metros cuadrados de tu casa de forma r\u00e1pida, e\ufb01ciente y segura, incluso en casas con cimientos antiguos y peque\u00f1os.<\/p>\t\t\t\t\t\t\t\t<\/div>\n\t\t\t\t<\/div>\n\t\t\t\t\t<\/div>\n\t\t\t\t<\/div>\n\t\t<div class=\"elementor-element elementor-element-821f1ac e-flex e-con-boxed e-con e-parent\" data-id=\"821f1ac\" data-element_type=\"container\" data-e-type=\"container\">\n\t\t\t\t\t<div class=\"e-con-inner\">\n\t\t\t\t<div class=\"elementor-element elementor-element-4d7d02c elementor-widget-divider--view-line elementor-widget elementor-widget-divider\" data-id=\"4d7d02c\" data-element_type=\"widget\" data-e-type=\"widget\" data-widget_type=\"divider.default\">\n\t\t\t\t<div class=\"elementor-widget-container\">\n\t\t\t\t\t\t\t<div class=\"elementor-divider\">\n\t\t\t<span class=\"elementor-divider-separator\">\n\t\t\t\t\t\t<\/span>\n\t\t<\/div>\n\t\t\t\t\t\t<\/div>\n\t\t\t\t<\/div>\n\t\t\t\t\t<\/div>\n\t\t\t\t<\/div>\n\t\t<div class=\"elementor-element elementor-element-791a4e7 e-flex e-con-boxed e-con e-parent\" data-id=\"791a4e7\" data-element_type=\"container\" data-e-type=\"container\" data-settings=\"{&quot;background_background&quot;:&quot;classic&quot;}\">\n\t\t\t\t\t<div class=\"e-con-inner\">\n\t\t\t\t<div class=\"elementor-element elementor-element-d91c23b elementor-widget__width-inherit elementor-widget elementor-widget-heading\" data-id=\"d91c23b\" data-element_type=\"widget\" data-e-type=\"widget\" data-widget_type=\"heading.default\">\n\t\t\t\t<div class=\"elementor-widget-container\">\n\t\t\t\t\t<h1 class=\"elementor-heading-title elementor-size-default\">Ampliaciones<\/h1>\t\t\t\t<\/div>\n\t\t\t\t<\/div>\n\t\t\t\t<div class=\"elementor-element elementor-element-ca7dc4d elementor-widget elementor-widget-image\" data-id=\"ca7dc4d\" data-element_type=\"widget\" data-e-type=\"widget\" data-widget_type=\"image.default\">\n\t\t\t\t<div class=\"elementor-widget-container\">\n\t\t\t\t\t\t\t\t\t\t\t\t\t\t\t<img decoding=\"async\" width=\"1024\" height=\"683\" src=\"https:\/\/www.papik.cat\/wp-content\/uploads\/2017\/06\/37199-1024x683.jpg\" class=\"attachment-large size-large wp-image-3460\" alt=\"\" srcset=\"https:\/\/www.papik.cat\/wp-content\/uploads\/2017\/06\/37199-1024x683.jpg 1024w, https:\/\/www.papik.cat\/wp-content\/uploads\/2017\/06\/37199-300x200.jpg 300w, https:\/\/www.papik.cat\/wp-content\/uploads\/2017\/06\/37199-768x512.jpg 768w, https:\/\/www.papik.cat\/wp-content\/uploads\/2017\/06\/37199.jpg 1348w\" sizes=\"(max-width: 1024px) 100vw, 1024px\" \/>\t\t\t\t\t\t\t\t\t\t\t\t\t\t\t<\/div>\n\t\t\t\t<\/div>\n\t\t\t\t<div class=\"elementor-element elementor-element-b2d5e74 elementor-widget elementor-widget-text-editor\" data-id=\"b2d5e74\" data-element_type=\"widget\" data-e-type=\"widget\" data-widget_type=\"text-editor.default\">\n\t\t\t\t<div class=\"elementor-widget-container\">\n\t\t\t\t\t\t\t\t\t<p>Somos especialistas en ampliaciones y remontas de casas ya construidas.<\/p><p>Aprovecha el terreno de tu casa para ampliar una estancia o construir un nuevo espacio. El sistema constructivo PAPIK Group es r\u00e1pido, ofrece un gran aislamiento t\u00e9rmico y permite eliminar humedades de manera natural beneficiando toda la casa.<\/p>\t\t\t\t\t\t\t\t<\/div>\n\t\t\t\t<\/div>\n\t\t\t\t\t<\/div>\n\t\t\t\t<\/div>\n\t\t<div class=\"elementor-element elementor-element-20b41c0 e-con-full e-flex e-con e-parent\" data-id=\"20b41c0\" data-element_type=\"container\" data-e-type=\"container\">\n\t\t\t\t<div class=\"elementor-element elementor-element-a6edf8b elementor-widget elementor-widget-shortcode\" data-id=\"a6edf8b\" data-element_type=\"widget\" data-e-type=\"widget\" data-widget_type=\"shortcode.default\">\n\t\t\t\t<div class=\"elementor-widget-container\">\n\t\t\t\t\t\t\t<div class=\"elementor-shortcode\">\t\t<div data-elementor-type=\"container\" data-elementor-id=\"6443\" class=\"elementor elementor-6443 elementor-4107 elementor-4107\" data-elementor-post-type=\"elementor_library\">\n\t\t\t\t<div class=\"elementor-element elementor-element-58eacb3d e-flex e-con-boxed e-con e-parent\" data-id=\"58eacb3d\" data-element_type=\"container\" data-e-type=\"container\" data-settings=\"{&quot;background_background&quot;:&quot;classic&quot;}\">\n\t\t\t\t\t<div class=\"e-con-inner\">\n\t\t<div class=\"elementor-element elementor-element-28ccb937 e-grid e-con-boxed e-con e-child\" data-id=\"28ccb937\" data-element_type=\"container\" data-e-type=\"container\">\n\t\t\t\t\t<div class=\"e-con-inner\">\n\t\t<div class=\"elementor-element elementor-element-17d146bb e-con-full e-flex e-con e-child\" data-id=\"17d146bb\" data-element_type=\"container\" data-e-type=\"container\">\n\t\t\t\t<div class=\"elementor-element elementor-element-6a75eccc elementor-widget elementor-widget-heading\" data-id=\"6a75eccc\" data-element_type=\"widget\" data-e-type=\"widget\" data-widget_type=\"heading.default\">\n\t\t\t\t<div class=\"elementor-widget-container\">\n\t\t\t\t\t<h2 class=\"elementor-heading-title elementor-size-default\">Memoria de calidades<\/h2>\t\t\t\t<\/div>\n\t\t\t\t<\/div>\n\t\t\t\t<div class=\"elementor-element elementor-element-13dcc0f elementor-widget elementor-widget-text-editor\" data-id=\"13dcc0f\" data-element_type=\"widget\" data-e-type=\"widget\" data-widget_type=\"text-editor.default\">\n\t\t\t\t<div class=\"elementor-widget-container\">\n\t\t\t\t\t\t\t\t\t<p>Descarga la memoria de calidades donde se especi\ufb01ca la composici\u00f3n de la estructura y los acabados incluidos en los precios orientativos, as\u00ed como propuestas de acabados opcionales.<\/p>\n<p>Conocer\u00e1s las caracter\u00edsticas t\u00e9cnicas, los materiales y los detalles de nuestras casas certi\ufb01cadas Passivhaus.<\/p>\n\t\t\t\t\t\t\t\t<\/div>\n\t\t\t\t<\/div>\n\t\t<div class=\"elementor-element elementor-element-16ab9c92 e-con-full e-flex e-con e-child\" data-id=\"16ab9c92\" data-element_type=\"container\" data-e-type=\"container\">\n\t\t\t\t<div class=\"elementor-element elementor-element-2e62dd92 elementor-widget elementor-widget-image\" data-id=\"2e62dd92\" data-element_type=\"widget\" data-e-type=\"widget\" data-widget_type=\"image.default\">\n\t\t\t\t<div class=\"elementor-widget-container\">\n\t\t\t\t\t\t\t\t\t\t\t\t\t\t\t<img decoding=\"async\" src=\"https:\/\/www.papik.cat\/wp-content\/uploads\/2024\/05\/memoria.svg\" class=\"attachment-full size-full wp-image-4001\" alt=\"\" \/>\t\t\t\t\t\t\t\t\t\t\t\t\t\t\t<\/div>\n\t\t\t\t<\/div>\n\t\t\t\t<div class=\"elementor-element elementor-element-43e54ef3 elementor-button-success elementor-widget elementor-widget-button\" data-id=\"43e54ef3\" data-element_type=\"widget\" data-e-type=\"widget\" data-widget_type=\"button.default\">\n\t\t\t\t<div class=\"elementor-widget-container\">\n\t\t\t\t\t\t\t\t\t<div class=\"elementor-button-wrapper\">\n\t\t\t\t\t<a class=\"elementor-button elementor-button-link elementor-size-sm\" href=\"https:\/\/www.papik.cat\/Memoria_de_qualitats_Papik_Cases_Passives.pdf\" target=\"_blank\" rel=\"nofollow\">\n\t\t\t\t\t\t<span class=\"elementor-button-content-wrapper\">\n\t\t\t\t\t\t\t\t\t<span class=\"elementor-button-text\">Desc\u00e1rgate la memoria de calidades<\/span>\n\t\t\t\t\t<\/span>\n\t\t\t\t\t<\/a>\n\t\t\t\t<\/div>\n\t\t\t\t\t\t\t\t<\/div>\n\t\t\t\t<\/div>\n\t\t\t\t<\/div>\n\t\t\t\t<\/div>\n\t\t\t\t\t<\/div>\n\t\t\t\t<\/div>\n\t\t\t\t\t<\/div>\n\t\t\t\t<\/div>\n\t\t\t\t<\/div>\n\t\t<\/div>\n\t\t\t\t\t\t<\/div>\n\t\t\t\t<\/div>\n\t\t\t\t<\/div>\n\t\t<div class=\"elementor-element elementor-element-1bf9d02 e-con-full e-flex e-con e-parent\" data-id=\"1bf9d02\" data-element_type=\"container\" data-e-type=\"container\">\n\t\t\t\t<div class=\"elementor-element elementor-element-7b5ef19 elementor-widget elementor-widget-shortcode\" data-id=\"7b5ef19\" data-element_type=\"widget\" data-e-type=\"widget\" data-widget_type=\"shortcode.default\">\n\t\t\t\t<div class=\"elementor-widget-container\">\n\t\t\t\t\t\t\t<div class=\"elementor-shortcode\">\t\t<div data-elementor-type=\"container\" data-elementor-id=\"6439\" class=\"elementor elementor-6439 elementor-4113 elementor-4113\" data-elementor-post-type=\"elementor_library\">\n\t\t\t\t<div class=\"elementor-element elementor-element-7fcc4182 e-grid e-con-boxed e-con e-parent\" data-id=\"7fcc4182\" data-element_type=\"container\" data-e-type=\"container\" data-settings=\"{&quot;background_background&quot;:&quot;classic&quot;}\">\n\t\t\t\t\t<div class=\"e-con-inner\">\n\t\t<div class=\"elementor-element elementor-element-700babb5 e-con-full e-flex e-con e-child\" data-id=\"700babb5\" data-element_type=\"container\" data-e-type=\"container\">\n\t\t\t\t<div class=\"elementor-element elementor-element-3758152d elementor-widget elementor-widget-heading\" data-id=\"3758152d\" data-element_type=\"widget\" data-e-type=\"widget\" data-widget_type=\"heading.default\">\n\t\t\t\t<div class=\"elementor-widget-container\">\n\t\t\t\t\t<h2 class=\"elementor-heading-title elementor-size-default\">Calcula el coste de tu casa\n<\/h2>\t\t\t\t<\/div>\n\t\t\t\t<\/div>\n\t\t\t\t<\/div>\n\t\t<div class=\"elementor-element elementor-element-1edf10c2 e-flex e-con-boxed e-con e-child\" data-id=\"1edf10c2\" data-element_type=\"container\" data-e-type=\"container\" data-settings=\"{&quot;background_background&quot;:&quot;classic&quot;}\">\n\t\t\t\t\t<div class=\"e-con-inner\">\n\t\t\t\t<div class=\"elementor-element elementor-element-5ac4d10b elementor-button-info elementor-mobile-align-left elementor-widget elementor-widget-button\" data-id=\"5ac4d10b\" data-element_type=\"widget\" data-e-type=\"widget\" data-widget_type=\"button.default\">\n\t\t\t\t<div class=\"elementor-widget-container\">\n\t\t\t\t\t\t\t\t\t<div class=\"elementor-button-wrapper\">\n\t\t\t\t\t<a class=\"elementor-button elementor-button-link elementor-size-sm\" href=\"https:\/\/www.papik.cat\/es\/presupuesto\/\">\n\t\t\t\t\t\t<span class=\"elementor-button-content-wrapper\">\n\t\t\t\t\t\t\t\t\t<span class=\"elementor-button-text\">Presupuesto<\/span>\n\t\t\t\t\t<\/span>\n\t\t\t\t\t<\/a>\n\t\t\t\t<\/div>\n\t\t\t\t\t\t\t\t<\/div>\n\t\t\t\t<\/div>\n\t\t\t\t\t<\/div>\n\t\t\t\t<\/div>\n\t\t\t\t\t<\/div>\n\t\t\t\t<\/div>\n\t\t\t\t<\/div>\n\t\t<\/div>\n\t\t\t\t\t\t<\/div>\n\t\t\t\t<\/div>\n\t\t\t\t<\/div>\n\t\t\t\t<\/div>\n\t\t","protected":false},"excerpt":{"rendered":"<p>Gana mucho m\u00e1s que espacio: haz crecer tu casa de forma \u00e1gil y e\ufb01ciente. Consigue m\u00e1s espacio para tu casa. Si tu casa actual necesita crecer, nosotros lo hacemos posible porque estamos especializados en ampliaciones y remontas. Ofrecemos la mejor opci\u00f3n para ganar metros adapt\u00e1ndolos a tus necesidades, personalizamos los interiores y los exteriores as\u00ed &hellip; <a href=\"https:\/\/www.papik.cat\/es\/que-hacemos\/ampliaciones-y-remontas\/\">Ver m\u00e1s<\/a><\/p>\n","protected":false},"author":1,"featured_media":0,"parent":3604,"menu_order":2,"comment_status":"closed","ping_status":"closed","template":"","meta":{"_acf_changed":false,"footnotes":""},"class_list":["post-4188","page","type-page","status-publish","hentry"],"acf":[],"_links":{"self":[{"href":"https:\/\/www.papik.cat\/es\/wp-json\/wp\/v2\/pages\/4188","targetHints":{"allow":["GET"]}}],"collection":[{"href":"https:\/\/www.papik.cat\/es\/wp-json\/wp\/v2\/pages"}],"about":[{"href":"https:\/\/www.papik.cat\/es\/wp-json\/wp\/v2\/types\/page"}],"author":[{"embeddable":true,"href":"https:\/\/www.papik.cat\/es\/wp-json\/wp\/v2\/users\/1"}],"replies":[{"embeddable":true,"href":"https:\/\/www.papik.cat\/es\/wp-json\/wp\/v2\/comments?post=4188"}],"version-history":[{"count":3,"href":"https:\/\/www.papik.cat\/es\/wp-json\/wp\/v2\/pages\/4188\/revisions"}],"predecessor-version":[{"id":8602,"href":"https:\/\/www.papik.cat\/es\/wp-json\/wp\/v2\/pages\/4188\/revisions\/8602"}],"up":[{"embeddable":true,"href":"https:\/\/www.papik.cat\/es\/wp-json\/wp\/v2\/pages\/3604"}],"wp:attachment":[{"href":"https:\/\/www.papik.cat\/es\/wp-json\/wp\/v2\/media?parent=4188"}],"curies":[{"name":"wp","href":"https:\/\/api.w.org\/{rel}","templated":true}]}}