{"id":5757,"date":"2024-09-02T13:42:16","date_gmt":"2024-09-02T11:42:16","guid":{"rendered":"https:\/\/www.papik.cat\/lista-de-proyectos-activos\/"},"modified":"2026-04-24T13:59:58","modified_gmt":"2026-04-24T11:59:58","slug":"lista-de-proyectos-activos","status":"publish","type":"page","link":"https:\/\/www.papik.cat\/es\/lista-de-proyectos-activos\/","title":{"rendered":"Lista de proyectos activos"},"content":{"rendered":"\t\t<div data-elementor-type=\"wp-page\" data-elementor-id=\"5757\" class=\"elementor elementor-5757 elementor-5724\" data-elementor-post-type=\"page\">\n\t\t\t\t<div class=\"elementor-element elementor-element-5216c21 e-flex e-con-boxed e-con e-parent\" data-id=\"5216c21\" data-element_type=\"container\" data-e-type=\"container\" data-settings=\"{&quot;background_background&quot;:&quot;classic&quot;}\">\n\t\t\t\t\t<div class=\"e-con-inner\">\n\t\t<div class=\"elementor-element elementor-element-a4ec95d e-con-full e-flex e-con e-child\" data-id=\"a4ec95d\" data-element_type=\"container\" data-e-type=\"container\">\n\t\t\t\t<div class=\"elementor-element elementor-element-2fdef83 elementor-widget elementor-widget-heading\" data-id=\"2fdef83\" data-element_type=\"widget\" data-e-type=\"widget\" data-widget_type=\"heading.default\">\n\t\t\t\t<div class=\"elementor-widget-container\">\n\t\t\t\t\t<h1 class=\"elementor-heading-title elementor-size-default\">Lista de proyectos activos<\/h1>\t\t\t\t<\/div>\n\t\t\t\t<\/div>\n\t\t\t\t<\/div>\n\t\t<div class=\"elementor-element elementor-element-e2c3635 e-con-full animated-slow e-flex elementor-invisible e-con e-child\" data-id=\"e2c3635\" data-element_type=\"container\" data-e-type=\"container\" data-settings=\"{&quot;background_background&quot;:&quot;slideshow&quot;,&quot;background_slideshow_gallery&quot;:[{&quot;id&quot;:3492,&quot;url&quot;:&quot;https:\\\/\\\/www.papik.cat\\\/wp-content\\\/uploads\\\/2017\\\/02\\\/f09.jpg&quot;},{&quot;id&quot;:3408,&quot;url&quot;:&quot;https:\\\/\\\/www.papik.cat\\\/wp-content\\\/uploads\\\/2018\\\/04\\\/04-retocada.jpg&quot;}],&quot;animation&quot;:&quot;fadeInUp&quot;,&quot;background_slideshow_loop&quot;:&quot;yes&quot;,&quot;background_slideshow_slide_duration&quot;:5000,&quot;background_slideshow_slide_transition&quot;:&quot;fade&quot;,&quot;background_slideshow_transition_duration&quot;:500}\">\n\t\t\t\t<div class=\"elementor-element elementor-element-e49ef12 elementor-widget elementor-widget-spacer\" data-id=\"e49ef12\" data-element_type=\"widget\" data-e-type=\"widget\" data-widget_type=\"spacer.default\">\n\t\t\t\t<div class=\"elementor-widget-container\">\n\t\t\t\t\t\t\t<div class=\"elementor-spacer\">\n\t\t\t<div class=\"elementor-spacer-inner\"><\/div>\n\t\t<\/div>\n\t\t\t\t\t\t<\/div>\n\t\t\t\t<\/div>\n\t\t\t\t<\/div>\n\t\t<div class=\"elementor-element elementor-element-72810da e-con-full e-flex e-con e-child\" data-id=\"72810da\" data-element_type=\"container\" data-e-type=\"container\">\n\t\t\t\t<div class=\"elementor-element elementor-element-a2f1f81 elementor-widget elementor-widget-text-editor\" data-id=\"a2f1f81\" data-element_type=\"widget\" data-e-type=\"widget\" data-widget_type=\"text-editor.default\">\n\t\t\t\t<div class=\"elementor-widget-container\">\n\t\t\t\t\t\t\t\t\t<p>Esta es nuestra lista de proyectos activos. Est\u00e1n ordenados cronol\u00f3gicamente, los primeros que hicieron la paga y se\u00f1al est\u00e1n arriba y los \u00faltimos en incorporarse son los \u00faltimos. Tambi\u00e9n los hemos categorizado en cuatro grupos seg\u00fan el estado del proyecto:<\/p><ul><li><strong style=\"background-color: #914a13; color: white;\"><i class=\"far fa-file-alt\"><\/i> Definiendo proyecto:<\/strong> Esta categor\u00eda est\u00e1 ilustrada con el icono del documento y es de color azul y comprende todos los proyectos que todav\u00eda no tienen la licencia de obras otorgada. Puede ser un proyecto que acaba de empezar, como un proyecto que ya tiene proyecto ejecutivo visado y presentado en el ayuntamiento para obtener la licencia de obras.<\/li><li><strong style=\"background-color: #c6840e; color: white;\"><i class=\"fas fa-pen-alt\"><\/i> Licencia de obras:<\/strong> Esta categor\u00eda est\u00e1 ilustrada con el icono del bol\u00edgrafo y es de color lila. Comprende todos aquellos proyectos que ya tienen la licencia municipal (ICIO)<\/li><li><strong style=\"background-color: #ecc721; color: white;\"><i class=\"fas fa-tractor\"><\/i> Cimentaci\u00f3n:<\/strong> Esta categor\u00eda est\u00e1 ilustrada con el icono de la excavadora y es de color naranja. En esta categor\u00eda encontramos los proyectos que ya tienen la cimentaci\u00f3n iniciada y, por tanto, nos permitir\u00e1 entrar en obra en breve.<\/li><li><strong style=\"background-color: #dcf4df; ; color: #9ABAA6;\"><i class=\"fas fa-home\"><\/i> Obra:<\/strong> Esta categor\u00eda est\u00e1 ilustrada con el icono de la casa y es de color verde. Estos son los proyectos que ya estamos ejecutando. Una vez entregada la casa, desaparecen de esa lista.<\/li><\/ul>\t\t\t\t\t\t\t\t<\/div>\n\t\t\t\t<\/div>\n\t\t\t\t<\/div>\n\t\t<div class=\"elementor-element elementor-element-9a28ef1 e-con-full e-flex e-con e-child\" data-id=\"9a28ef1\" data-element_type=\"container\" data-e-type=\"container\">\n\t\t\t\t<div class=\"elementor-element elementor-element-7614bec elementor-widget elementor-widget-text-editor\" data-id=\"7614bec\" data-element_type=\"widget\" data-e-type=\"widget\" data-widget_type=\"text-editor.default\">\n\t\t\t\t<div class=\"elementor-widget-container\">\n\t\t\t\t\t\t\t\t\t<ol>\n \t<li style=\"background-color: #dcf4df; color: #9abaa6;\"><i class=\"fas fa-home\"> <\/i> K-Bohemis (Vallvidrera)<\/li>\n \t<li style=\"background-color: #dcf4df; color: #9abaa6;\"><i class=\"fas fa-home\"> <\/i> K-Singuerl\u00edn (Sta. Coloma de Gramanet)<\/li>\n \t<li style=\"background-color: #dcf4df; color: #9abaa6;\"><i class=\"fas fa-home\"> <\/i> K-Delfondo (Premi\u00e0 de Dalt)<\/li>\n \t<li style=\"background-color: #914a13; color: white;\"><i class=\"far fa-file-alt\"> <\/i> K-Piera (Piera)<\/li>\n \t<li style=\"background-color: #c6840e; color: white;\"><i class=\"fas fa-pen-alt\"> <\/i> K-Lleida (Lleida)<\/li>\n \t<li style=\"background-color: #c6840e; color: white;\"><i class=\"fas fa-pen-alt\"> <\/i> K-Guillem (St. Pere de Vilamajor)<\/li>\n \t<li style=\"background-color: #ecc721; color: white;\"><i class=\"fas fa-tractor\"> <\/i> K-Carlota (Begues)<\/li>\n \t<li style=\"background-color: #c6840e; color: white;\"><i class=\"fas fa-pen-alt\"> <\/i> K-Esp\u00edgol (Vacarisses)<\/li>\n \t<li style=\"background-color: #ecc721; color: white;\"><i class=\"fas fa-tractor\"> <\/i> K-Demira (St. Esteve Ses Rovires)<\/li>\n \t<li style=\"background-color: #ecc721; color: white;\"><i class=\"fas fa-tractor\"> <\/i> K-Delapineda (Vacarisses)<\/li>\n \t<li style=\"background-color: #914a13; color: white;\"><i class=\"far fa-file-alt\"> <\/i> K-Salut (La Floresta)<\/li>\n \t<li style=\"background-color: #dcf4df; color: #9abaa6;\"><i class=\"fas fa-home\"> <\/i> K-Collada (Begues)<\/li>\n \t<li style=\"background-color: #dcf4df; color: #9abaa6;\"><i class=\"fas fa-home\"> <\/i> K-Jard\u00ed (Valldoreix)<\/li>\n \t<li style=\"background-color: #dcf4df; color: #9abaa6;\"><i class=\"fas fa-home\"> <\/i> K-Bad\u00f3 (Sant Quirze Safaja)<\/li>\n \t<li style=\"background-color: #914a13; color: white;\"><i class=\"far fa-file-alt\"> <\/i> K-Cabassa (Mira-sol)<\/li>\n \t<li style=\"background-color: #dcf4df; color: #9abaa6;\"><i class=\"fas fa-home\"> <\/i> K-Gurn (Hostalets d&#8217;en Bas)<\/li>\n \t<li style=\"background-color: #ecc721; color: white;\"><i class=\"fas fa-tractor\"> <\/i> K-Maresme (Corbera de Llobregat)<\/li>\n \t<li style=\"background-color: #914a13; color: white;\"><i class=\"far fa-file-alt\"> <\/i> K-Sa Roca (Palam\u00f3s)<\/li>\n \t<li style=\"background-color: #914a13; color: white;\"><i class=\"far fa-file-alt\"> <\/i> K-Troana (Viladecans)<\/li>\n \t<li style=\"background-color: #914a13; color: white;\"><i class=\"far fa-file-alt\"> <\/i> K-Claramunt (La Torre de Claramunt)<\/li>\n \t<li style=\"background-color: #dcf4df; color: #9abaa6;\"><i class=\"fas fa-home\"> <\/i> K-Canig\u00f3 (Collsuspina)<\/li>\n \t<li style=\"background-color: #914a13; color: white;\"><i class=\"far fa-file-alt\"> <\/i> K-Salcilo (Bellaterra)<\/li>\n \t<li style=\"background-color: #ecc721; color: white;\"><i class=\"fas fa-tractor\"> <\/i> K-Medes (Sant Boi del LLobregat)<\/li>\n \t<li style=\"background-color: #c6840e; color: white;\"><i class=\"fas fa-pen-alt\"> <\/i> K-Cavalls (St, Juli\u00e0 de Ramis)<\/li>\n \t<li style=\"background-color: #c6840e; color: white;\"><i class=\"fas fa-pen-alt\"> <\/i> K-Cam\u00ed (Sant Boi)<\/li>\n \t<li style=\"background-color: #914a13; color: white;\"><i class=\"far fa-file-alt\"> <\/i> K-Rosell (a Vilanova i la Geltr\u00fa)<\/li>\n \t<li style=\"background-color: #914a13; color: white;\"><i class=\"far fa-file-alt\"> <\/i> K-Roser (Valldoreix)<\/li>\n \t<li style=\"background-color: #914a13; color: white;\"><i class=\"far fa-file-alt\"> <\/i> K-Escardivol (Rub\u00ed)<\/li>\n \t<li style=\"background-color: #914a13; color: white;\"><i class=\"far fa-file-alt\"> <\/i> K-Montseny (La FLoresta)<\/li>\n<\/ol>\t\t\t\t\t\t\t\t<\/div>\n\t\t\t\t<\/div>\n\t\t\t\t<\/div>\n\t\t\t\t\t<\/div>\n\t\t\t\t<\/div>\n\t\t<div class=\"elementor-element elementor-element-7365c4c8 e-grid e-con-boxed e-con e-parent\" data-id=\"7365c4c8\" data-element_type=\"container\" data-e-type=\"container\" data-settings=\"{&quot;background_background&quot;:&quot;classic&quot;}\">\n\t\t\t\t\t<div class=\"e-con-inner\">\n\t\t<div class=\"elementor-element elementor-element-6cd26676 e-con-full e-flex e-con e-child\" data-id=\"6cd26676\" data-element_type=\"container\" data-e-type=\"container\">\n\t\t\t\t<div class=\"elementor-element elementor-element-6d4517d9 elementor-widget elementor-widget-heading\" data-id=\"6d4517d9\" data-element_type=\"widget\" data-e-type=\"widget\" data-widget_type=\"heading.default\">\n\t\t\t\t<div class=\"elementor-widget-container\">\n\t\t\t\t\t<h2 class=\"elementor-heading-title elementor-size-default\">Calcula el coste de tu casa<\/h2>\t\t\t\t<\/div>\n\t\t\t\t<\/div>\n\t\t\t\t<\/div>\n\t\t<div class=\"elementor-element elementor-element-2a3cc3ea e-flex e-con-boxed e-con e-child\" data-id=\"2a3cc3ea\" data-element_type=\"container\" data-e-type=\"container\" data-settings=\"{&quot;background_background&quot;:&quot;classic&quot;}\">\n\t\t\t\t\t<div class=\"e-con-inner\">\n\t\t\t\t<div class=\"elementor-element elementor-element-5a0f58c1 elementor-button-info elementor-mobile-align-left elementor-widget elementor-widget-button\" data-id=\"5a0f58c1\" data-element_type=\"widget\" data-e-type=\"widget\" data-widget_type=\"button.default\">\n\t\t\t\t<div class=\"elementor-widget-container\">\n\t\t\t\t\t\t\t\t\t<div class=\"elementor-button-wrapper\">\n\t\t\t\t\t<a class=\"elementor-button elementor-button-link elementor-size-sm\" href=\"https:\/\/www.papik.cat\/es\/presupuesto\/\">\n\t\t\t\t\t\t<span class=\"elementor-button-content-wrapper\">\n\t\t\t\t\t\t\t\t\t<span class=\"elementor-button-text\">Presupuesto<\/span>\n\t\t\t\t\t<\/span>\n\t\t\t\t\t<\/a>\n\t\t\t\t<\/div>\n\t\t\t\t\t\t\t\t<\/div>\n\t\t\t\t<\/div>\n\t\t\t\t\t<\/div>\n\t\t\t\t<\/div>\n\t\t\t\t\t<\/div>\n\t\t\t\t<\/div>\n\t\t\t\t<\/div>\n\t\t","protected":false},"excerpt":{"rendered":"<p>Lista de proyectos activos Esta es nuestra lista de proyectos activos. Est\u00e1n ordenados cronol\u00f3gicamente, los primeros que hicieron la paga y se\u00f1al est\u00e1n arriba y los \u00faltimos en incorporarse son los \u00faltimos. Tambi\u00e9n los hemos categorizado en cuatro grupos seg\u00fan el estado del proyecto: Definiendo proyecto: Esta categor\u00eda est\u00e1 ilustrada con el icono del documento &hellip; <a href=\"https:\/\/www.papik.cat\/es\/lista-de-proyectos-activos\/\">Ver m\u00e1s<\/a><\/p>\n","protected":false},"author":3,"featured_media":0,"parent":0,"menu_order":0,"comment_status":"closed","ping_status":"closed","template":"","meta":{"_acf_changed":false,"footnotes":""},"class_list":["post-5757","page","type-page","status-publish","hentry"],"acf":[],"_links":{"self":[{"href":"https:\/\/www.papik.cat\/es\/wp-json\/wp\/v2\/pages\/5757","targetHints":{"allow":["GET"]}}],"collection":[{"href":"https:\/\/www.papik.cat\/es\/wp-json\/wp\/v2\/pages"}],"about":[{"href":"https:\/\/www.papik.cat\/es\/wp-json\/wp\/v2\/types\/page"}],"author":[{"embeddable":true,"href":"https:\/\/www.papik.cat\/es\/wp-json\/wp\/v2\/users\/3"}],"replies":[{"embeddable":true,"href":"https:\/\/www.papik.cat\/es\/wp-json\/wp\/v2\/comments?post=5757"}],"version-history":[{"count":5,"href":"https:\/\/www.papik.cat\/es\/wp-json\/wp\/v2\/pages\/5757\/revisions"}],"predecessor-version":[{"id":8923,"href":"https:\/\/www.papik.cat\/es\/wp-json\/wp\/v2\/pages\/5757\/revisions\/8923"}],"wp:attachment":[{"href":"https:\/\/www.papik.cat\/es\/wp-json\/wp\/v2\/media?parent=5757"}],"curies":[{"name":"wp","href":"https:\/\/api.w.org\/{rel}","templated":true}]}}